{"id":249,"date":"2021-01-12T01:55:57","date_gmt":"2021-01-12T01:55:57","guid":{"rendered":"http:\/\/www.isec-global.com\/icoaching\/?page_id=249"},"modified":"2023-08-11T15:11:58","modified_gmt":"2023-08-11T15:11:58","slug":"imembership-free","status":"publish","type":"page","link":"https:\/\/isec-infosecurity.com\/icoaching\/imembership-free\/","title":{"rendered":"iMembership #FREE"},"content":{"rendered":"\n<p class=\"has-luminous-vivid-amber-color has-black-background-color has-text-color has-background\">Con <strong>iMemership #FREE <\/strong>Ud. accede <strong>sin costo<\/strong> -s\u00f3lo registro- a nuestro <strong>Sistema de autogesti\u00f3n de aprendizaje<\/strong> basado en&nbsp;<strong>iGdagets FREE&nbsp;ondemand, <\/strong>que contiene:<\/p>\n\n\n\n<ul class=\"wp-block-list\">\n<li>acceso a <strong>iGadgets FREE<\/strong> para cada capacitaci\u00f3n: <strong>#iGadgets_te\u00f3ricos <\/strong>(presentaciones en formato de videos)<\/li>\n\n\n\n<li>acceso a biblioteca: <strong>#documentos_te\u00f3ricos<\/strong> (presentaciones en formato PDF)<\/li>\n\n\n\n<li>acceso a <strong>#consultas_on_line<\/strong> con iCoacher a trav\u00e9s de email<\/li>\n\n\n\n<li>acceso a<strong> #InfosecurityNews <\/strong>newsletter de ciberseguridad<\/li>\n\n\n\n<li>acceso al contenido del <strong>#panel_de_expertos <\/strong>con los principales speakers de la gira de Infosecurityvip en Latinoam\u00e9rica<\/li>\n<\/ul>\n\n\n\n<p class=\"has-luminous-vivid-amber-color has-black-background-color has-text-color has-background\"><strong>Para acceder a esta membres\u00eda lo invitamos a registrarse:<\/strong><\/p>\n\n\n\n\t\r\n\t\r\n\t\t\t\t\t\t<form  name= \"wpdevart_frontend_form_5\" id='wpdevart-forms-5' class=\"wpdevart_forms_count_0 wpdevart_forms_class_5 wpdevart-forms default-skin forms-general-styling\" method='post'  action='' enctype='multipart\/form-data'>\r\n\t\r\n\t\t\t\t\t\t                                            <!--bfh-number -->\r\n                                            <div class=\"wpdevart-input-field \">\r\n                                                 \r\n                                                        <label>Nombres<\/label>\r\n                                                        \r\n                                                <div class=\"input-text input-field-inner\">\r\n                                                                                                        <input  type=\"text\"  \r\n                                                            id =\"input-field-74\"\r\n                                                            name=\"label_74\"   required                                                            value=\"\"  class=\"form-control  \" \r\n                                                            placeholder=\"\" \r\n                                                             \r\n                                                           \/>\r\n                                                <\/div>\r\n                                            <\/div>\r\n\t\t\t\t\t\t\t\t\t\t                                            <!--bfh-number -->\r\n                                            <div class=\"wpdevart-input-field \">\r\n                                                 \r\n                                                        <label>Apellidos<\/label>\r\n                                                        \r\n                                                <div class=\"input-text input-field-inner\">\r\n                                                                                                        <input  type=\"text\"  \r\n                                                            id =\"input-field-75\"\r\n                                                            name=\"label_75\"   required                                                            value=\"\"  class=\"form-control  \" \r\n                                                            placeholder=\"\" \r\n                                                             \r\n                                                           \/>\r\n                                                <\/div>\r\n                                            <\/div>\r\n\t\t\t\t\t\t\t\t\t\t                                            <!--bfh-number -->\r\n                                            <div class=\"wpdevart-input-field \">\r\n                                                 \r\n                                                        <label>eMail (preferentemente corporativo)<\/label>\r\n                                                        \r\n                                                <div class=\"input-email input-field-inner\">\r\n                                                                                                        <input  type=\"email\"  \r\n                                                            id =\"input-field-76\"\r\n                                                            name=\"label_76\"   required                                                            value=\"\"  class=\"form-control  \" \r\n                                                            placeholder=\"\" \r\n                                                             \r\n                                                           \/>\r\n                                                <\/div>\r\n                                            <\/div>\r\n\t\t\t\t\t\t\t\t\t\t\t\t\t\t\t\t\t\t\t\t\t\t<div class=\"separator-with-title\" >\r\n\t\t\t\t\t\t\t\t\t\t\t\t\t<h3 class=\"separator-before-after\"> <\/h3>\r\n\t\t\t\t\t\t\t\t\t\t\t\t<\/div>\r\n\t\t\t\t\t\t\t\t\t\t\t\t\t\t\t\t\t\t\t\t\t                                            <!--bfh-number -->\r\n                                            <div class=\"wpdevart-input-field \">\r\n                                                 \r\n                                                        <label>Instituci\u00f3n<\/label>\r\n                                                        \r\n                                                <div class=\"input-text input-field-inner\">\r\n                                                                                                        <input  type=\"text\"  \r\n                                                            id =\"input-field-77\"\r\n                                                            name=\"label_77\"                                                               value=\"\"  class=\"form-control  \" \r\n                                                            placeholder=\"\" \r\n                                                             \r\n                                                           \/>\r\n                                                <\/div>\r\n                                            <\/div>\r\n\t\t\t\t\t\t\t\t\t\t                                            <!--bfh-number -->\r\n                                            <div class=\"wpdevart-input-field \">\r\n                                                 \r\n                                                        <label>Puesto\/Cargo<\/label>\r\n                                                        \r\n                                                <div class=\"input-text input-field-inner\">\r\n                                                                                                        <input  type=\"text\"  \r\n                                                            id =\"input-field-78\"\r\n                                                            name=\"label_78\"                                                               value=\"\"  class=\"form-control  \" \r\n                                                            placeholder=\"\" \r\n                                                             \r\n                                                           \/>\r\n                                                <\/div>\r\n                                            <\/div>\r\n\t\t\t\t\t\t\t\t\t\t                                            <!--bfh-number -->\r\n                                            <div class=\"wpdevart-input-field \">\r\n                                                 \r\n                                                        <label>Tel\u00e9fono<\/label>\r\n                                                        \r\n                                                <div class=\"input-text input-field-inner\">\r\n                                                                                                        <input  type=\"text\"  \r\n                                                            id =\"input-field-79\"\r\n                                                            name=\"label_79\"                                                               value=\"\"  class=\"form-control  \" \r\n                                                            placeholder=\"\" \r\n                                                             \r\n                                                           \/>\r\n                                                <\/div>\r\n                                            <\/div>\r\n\t\t\t\t\t\t\t\t\t\t                                            <!--bfh-number -->\r\n                                            <div class=\"wpdevart-input-field \">\r\n                                                 \r\n                                                        <label>Ciudad de Residencia<\/label>\r\n                                                        \r\n                                                <div class=\"input-text input-field-inner\">\r\n                                                                                                        <input  type=\"text\"  \r\n                                                            id =\"input-field-80\"\r\n                                                            name=\"label_80\"   required                                                            value=\"\"  class=\"form-control  \" \r\n                                                            placeholder=\"\" \r\n                                                             \r\n                                                           \/>\r\n                                                <\/div>\r\n                                            <\/div>\r\n\t\t\t\t\t\t\t\t\t\t\t\t\t\t\t\t\t\t\t<div class=\"wpdevart-textarea\">\r\n\t\t\t\t\t\t\t\t\t\t \r\n\t\t\t\t\t\t\t\t\t\t\t\t<label>Mensaje <\/label> \r\n\t\t\t\t\t\t\t\t\t\t \r\n\t\t\t\t\t\t\t\t\t\t<textarea name=\"label_86\" placeholder=\"\"><\/textarea> \r\n\t\t\t\t\t\t\t\t\t<\/div>\r\n\t\t\t\t\t\t\t\t\t\t\t\t\t\t\t\r\n\t\t\t\t\t\t\t\t\t\t\t  <div class=\"wpdevart-input-field field-captcha\" style=\"margin-bottom:20px;\">\r\n\t\t\t\t\t\t\t\t\t\t\t\t<label>5  + 3 = ? <\/label>\r\n\t\t\t\t\t\t\t\t\t\t\t\t<div class=\"input-text input-field-inner\">\r\n\t\t\t\t\t\t\t\t\t\t\t\t\t<input type=\"text\"  name=\"submitedRecaptchaValue[]\" placeholder=\"\" required \/>\r\n\t\t\t\t\t\t\t\t\t\t\t\t\t<input type=\"hidden\" name=\"recaptchaSumValue[]\" value=\"8\" \/>\r\n                                                    <input type=\"hidden\" name=\"isCaptchaRequired[]\" value=\"1\" \/>\r\n\t\t\t\t\t\t\t\t\t\t\t\t<\/div>\r\n\t\t\t\t\t\t\t\t\t\t\t  <\/div>\r\n\t\t\t\t\t\t\t\t\t\t\t  \t\r\n                       \r\n\t\t\t\t\t   \t\t\t\t\t\t<input type=\"hidden\" name=\"form_id\" value=\"5\" \/>  \r\n\t\t\t\t\t\t<!--<input type=\"submit\" value='Submit' id=\"btn_send_form_email_5\" name=\"btn_send_form_email\" \/>-->\r\n\t\t\t\t\t\t<button type=\"submit\" name=\"btn_send_form_email\" id=\"btn_send_form_email_5\" >Submit<\/button>\r\n\t\t\t\t\t\t                            <button type=\"reset\" name=\"reset\" class='ws-reset-form' data-attr='5'>Reset<\/button> \r\n                            \t\r\n\t\t\t\t\t\t  <button type=\"button\" name=\"btn_cancel_form\"   onclick='closeForm(\"#\")'>Cancel<\/button> \r\n\t\t\t\t\t\t  <script> \r\n\t\t\t\t\t\t  function closeForm(cancelUrl) {\r\n\t\t\t\t\t\t\tif(cancelUrl) {\r\n\t\t\t\t\t\t\t\tif(cancelUrl == \"#\"){return false;}\r\n\t\t\t\t\t\t\t\tif(cancelUrl.toLowerCase().search(\"http\") == -1)\r\n\t\t\t\t\t\t\t\t\tlocation.href = \"http:\/\/\"+cancelUrl; \r\n\t\t\t\t\t\t\t\telse\r\n\t\t\t\t\t\t\t\t\tlocation.href = cancelUrl;\r\n\t\t\t\t\t\t\t}\r\n\t\t\t\t\t\t } \r\n\t\t\t\t\t\t <\/script>\r\n\t\t\t\t\t\t  \t\r\n\t\t\t\t\t  <span id=\"loader-icon-5\" style=\"display:none;\" class=\"form-loader\">\r\n\t\t\t\t\t\t<img decoding=\"async\" src=\"https:\/\/isec-infosecurity.com\/icoaching\/wp-content\/plugins\/contact-forms-builder-pro\/\/assets\/images\/loader.gif\" \/>\r\n\t\t\t\t\t  <\/span>\r\n\t\r\n\t\t\t\t   <\/form>\r\n\t\r\n\t\t\t\t\t\t<div id=\"frontend_form_messages_5\" class=\"frontend_form_messages\" style=\"margin-top:10px; margin-bottom:10px;\"><\/div>\r\n\t\r\n\t\t\t\t   <script>\r\n\t\r\n\t\t\t\t\t\/\/document\r\n\t\t\t\t\tjQuery( document ).ready(function() {\r\n\t\t\t\t\t\t\/\/\tdonot submit form on enter , allow enter button only for tex\r\n\t\t\t\t\t\tjQuery(document).on(\"keypress\", \":input:not(textarea)\", function(event) {\r\n\t\t\t\t\t\t\treturn event.keyCode != 13;\r\n\t\t\t\t\t\t});\r\n\t\t\t\t\t\t\/\/animation effect\r\n\t\t\t\t\t\t\t\t\t\t\t\t\/\/ do not use previous password saved in broswer for passowrd field\r\n\t\t\t\t\t\tjQuery(\"input[type='password']\").attr(\"autocomplete\", \"new-password\");\r\n\t\r\n\t\t\t\t\t\t\/\/handle form submission\r\n\t\t\t\t\t\t\/\/jQuery(\"form[name='wpdevart_frontend_form_5']\").submit(function(e){\r\n\t\t\t\t\t\tjQuery(document).on(\"submit\", \"form[name='wpdevart_frontend_form_5']\", function(e) {\r\n\t\t\t\t\t\t\t\/\/shortcode attributes e.g\r\n\t\t\t\t\t\t\tvar atts = {\"id\":\"5\"};\r\n\t\t\t\t\t\t\tvar options = { \r\n\t\t\t\t\t\t\t\t\/\/target:'#frontend_form_messages_5',   \/\/ target element(s) to be updated with server response \r\n\t\t\t\t\t\t\t\t\/\/ other available options: \r\n\t\t\t\t\t\t\t\t url:\"https:\/\/isec-infosecurity.com\/icoaching\/wp-admin\/admin-ajax.php\",        \/\/ override for form's 'action' attribute \r\n\t\t\t\t\t\t\t\t\/\/url:\"https:\/\/isec-infosecurity.com\/icoaching\/wp-content\/plugins\/contact-forms-builder-pro\/check-ajax.php\",\r\n\t\t\t\t\t\t\t\tdata:{'btn_send_form_email':'1','process_ajax':'1','atts':JSON.stringify(atts),'action':'get_post_information'},\r\n\t\t\t\t\t\t\t\t\/\/type:      type        \/\/ 'get' or 'post', override for form's 'method' attribute \r\n\t\t\t\t\t\t\t\t\/\/dataType:  null        \/\/ 'xml', 'script', or 'json' (expected server response type) \r\n\t\t\t\t\t\t\t\t\/\/clearForm: true ,       \/\/ clear all form fields after successful submit \r\n\t\t\t\t\t\t\t\t\/\/resetForm: true  ,      \/\/ reset the form after successful submit \r\n\t\r\n\t\t\t\t\t\t\t\t\/\/ $.ajax options can be used here too, for example: \r\n\t\t\t\t\t\t\t\t\/\/timeout:   3000 \r\n\t\r\n\t\t\t\t\t\t\t\tbeforeSubmit: function() {\r\n\t\t\t\t\t\t\t\t\tjQuery(\"#loader-icon-5\").show();\r\n\t\t\t\t\t\t\t\t},\r\n\t\t\t\t\t\t\t\tsuccess:showResponse, \/\/ post-submit callback \r\n\t\t\t\t\t\t\t }; \r\n\t\r\n\t\t\t\t\t\t\t\/\/ inside event callbacks 'this' is the DOM element so we first \r\n\t\t\t\t\t\t\t\/\/ wrap it in a jQuery object and then invoke ajaxSubmit \r\n\t\t\t\t\t\t\tjQuery(this).ajaxSubmit(options); \r\n\t\r\n\t\t\t\t\t\t\t\/\/ !!! Important !!! \r\n\t\t\t\t\t\t\t\/\/ always return false to prevent standard browser submit and page navigation \r\n\t\t\t\t\t\t\treturn false; \r\n\t\t\t\t\t\t}); \r\n\t\r\n\t\r\n\t\t\t\t\t\tfunction showResponse(responseText, statusText, xhr, $form) {\r\n\t\t\t\t\t\t\tstr = responseText;\r\n\t\t\t\t\t\t\t\/\/replace first occurence \r\n\t\t\t\t\t\t\tstr = str.replace(\"successmsg_\", \" \"); \r\n\t\t\t\t\t\t\t\/\/ append response\r\n\t\t\t\t\t\t\tconsole.log($form)\r\n\t\t\t\t\t\t\tjQuery(\"#frontend_form_messages_5\").text(\" \");\r\n\t\t\t\t\t\t\tjQuery(\"#frontend_form_messages_5\").append(str);\r\n\t\t\t\t\t\t\tjQuery(\".notice-dismiss\").click(function(){\r\n\t\t\t\t\t\t\t\tself=this;\r\n\t\t\t\t\t\t\t\tjQuery(this).parent().parent().slideUp(\"normal\");\r\n\t\t\t\t\t\t\t\tsetTimeout(function(){jQuery(self).parent().parent().remove()},600)\r\n\t\t\t\t\t\t\t})\r\n\t\t\t\t\t\t\t\/*setTimeout(function(){ \r\n\t\t\t\t\t\t\t\t\/\/jQuery(\"#frontend_form_messages_5 .success_message5\").fadeout(); \r\n\t\t\t\t\t\t\t\tjQuery(\"#frontend_form_messages_5 .success_message\").fadeOut();\r\n\t\t\t\t\t\t\t}, 5000);*\/\r\n\t\r\n\t\t\t\t\t\t\t\/\/\tresponseText  , updates the div in target specified in options\r\n\t\t\t\t\t\t\tjQuery(\"#loader-icon-5\").hide();\r\n\t\r\n\t\t\t\t\t\t\tvar matched = responseText.search('successmsg_');\r\n\t\t\t\t\t\t\tif(matched != -1) {\r\n\t\r\n\t\t\t\t\t\t\t\tvar formId = \"5\";\r\n\t\t\t\t\t\t\t\t\t\r\n\t\t\t\t\t\t\t\tsetTimeout(function(){\r\n\t\t\t\t\t\t\t\t\t\t jQuery('#wpdevart-forms-5')[0].reset(); \r\n\t\t\t\t\t\t\t\t\t\t jQuery(\"#wpdevart-forms-\"+formId).each(function() {\r\n\t\t\t\t\t\t\t\t\t\t\tjQuery(this).find(\".input-file \").each(function(){\r\n\t\t\t\t\t\t\t\t\t\t\t\tjQuery(this).find(\"input\").val(\"\");\r\n\t\t\t\t\t\t\t\t\t\t\t});\r\n\t\t\t\t\t\t\t\t\t\t\tjQuery(this).find(\".file-upload-btn + span\").each(function() {\r\n\t\t\t\t\t\t\t\t\t\t\t\tjQuery(this).text(\"  \");\r\n\t\t\t\t\t\t\t\t\t\t\t});\r\n\t\t\t\t\t\t\t\t\t\t});\r\n\t\t\t\t\t\t\t\t },100);\r\n\t\t\t\t\t\t\t }\r\n\t\t\t\t\t\tgrecaptcha.reset();\r\n\t\t\t\t\t\treturn false;\r\n\t\r\n\t\t\t\t\t\t}\r\n\t\t\t\t\t\tfunction showRequest() {\r\n\t\t\t\t\t\t\treturn false;\r\n\t\t\t\t\t\t}\r\n\t\r\n\t\t\t\t\t\tjQuery(document).on(\"click\",\"[type=reset].ws-reset-form\",function(e){\r\n\t\t\t\t\t\t\tformId= jQuery(this).attr('data-attr');\r\n\t\t\t\t\t\t\t\/\/reset\t\t\t\t\t\t\t\r\n\t\t\t\t\t\t\tjQuery(\"#wpdevart-forms-\"+formId).each(function(){\r\n\t\t\t\t\t\t\t\t\tjQuery(this).find(\".input-file \").each(function(){\r\n\t\t\t\t\t\t\t\t\t\tjQuery(this).find(\"input\").val(\"\");\r\n\t\t\t\t\t\t\t\t\t});\r\n\t\t\t\t\t\t\t\t\tjQuery(this).find(\".file-upload-btn + span\").each(function(){\r\n\t\t\t\t\t\t\t\t\t\tjQuery(this).text(\"  \");\r\n\t\t\t\t\t\t\t\t\t});\r\n\t\t\t\t\t\t\t\t\tjQuery(\"#wpdevart-forms-\"+formId)[0].reset();\r\n\t\t\t\t\t\t\t\t});\r\n\t\t\t\t\t\t\tgrecaptcha.reset();\r\n\t\t\t\t\t\t\treturn false;\r\n\t\r\n\t\t\t\t\t\t});\r\n\t\t\t\t\t});\r\n\t\r\n\t\t\t\t\t<\/script>\r\n\t\t\t\t\n\n\n\n<hr class=\"wp-block-separator has-text-color has-luminous-vivid-amber-color has-alpha-channel-opacity has-luminous-vivid-amber-background-color has-background is-style-wide\"\/>\n\n\n\n<pre class=\"wp-block-verse has-text-align-center\">Prohibida su distribuci\u00f3n - todos los derechos reservados \u00ae ISEC Global Inc.\n Cada una de las partes proteger\u00e1 la informaci\u00f3n obtenida durante el desarrollo del curso de la misma manera en que protege su propia informaci\u00f3n confidencial, haci\u00e9ndose responsable por cualquier da\u00f1o\/perjuicio que se pudiera ocasionar por el uso indebido de la informaci\u00f3n accedida. <strong>Nuestros documentos entregables y papeles de trabajo ser\u00e1n de acceso exclusivo para el alumno<\/strong>, quien podr\u00e1 disponer para su uso de todos los entregables, que no incluyen metodolog\u00eda ni software utilizado. <strong>PROHIBIDA SU REPRODUCCI\u00d3N PARCIAL O TOTAL DEL MATERIAL<\/strong><\/pre>\n","protected":false},"excerpt":{"rendered":"<p>Con iMemership #FREE Ud. accede sin costo -s\u00f3lo registro- a nuestro Sistema de autogesti\u00f3n de aprendizaje basado en&nbsp;iGdagets FREE&nbsp;ondemand, que contiene: Para acceder a esta membres\u00eda lo invitamos a registrarse:<\/p>\n","protected":false},"author":1,"featured_media":0,"parent":0,"menu_order":0,"comment_status":"closed","ping_status":"closed","template":"","meta":{"footnotes":""},"class_list":["post-249","page","type-page","status-publish","hentry"],"_links":{"self":[{"href":"https:\/\/isec-infosecurity.com\/icoaching\/wp-json\/wp\/v2\/pages\/249","targetHints":{"allow":["GET"]}}],"collection":[{"href":"https:\/\/isec-infosecurity.com\/icoaching\/wp-json\/wp\/v2\/pages"}],"about":[{"href":"https:\/\/isec-infosecurity.com\/icoaching\/wp-json\/wp\/v2\/types\/page"}],"author":[{"embeddable":true,"href":"https:\/\/isec-infosecurity.com\/icoaching\/wp-json\/wp\/v2\/users\/1"}],"replies":[{"embeddable":true,"href":"https:\/\/isec-infosecurity.com\/icoaching\/wp-json\/wp\/v2\/comments?post=249"}],"version-history":[{"count":5,"href":"https:\/\/isec-infosecurity.com\/icoaching\/wp-json\/wp\/v2\/pages\/249\/revisions"}],"predecessor-version":[{"id":1202,"href":"https:\/\/isec-infosecurity.com\/icoaching\/wp-json\/wp\/v2\/pages\/249\/revisions\/1202"}],"wp:attachment":[{"href":"https:\/\/isec-infosecurity.com\/icoaching\/wp-json\/wp\/v2\/media?parent=249"}],"curies":[{"name":"wp","href":"https:\/\/api.w.org\/{rel}","templated":true}]}}