{"id":264,"date":"2021-01-12T02:33:21","date_gmt":"2021-01-12T02:33:21","guid":{"rendered":"http:\/\/www.isec-global.com\/icoaching\/?page_id=264"},"modified":"2021-01-12T02:33:21","modified_gmt":"2021-01-12T02:33:21","slug":"patrocinios","status":"publish","type":"page","link":"https:\/\/isec-infosecurity.com\/icoaching\/patrocinios\/","title":{"rendered":"Patrocinios"},"content":{"rendered":"\n<p class=\"has-white-color has-luminous-vivid-amber-background-color has-text-color has-background\"><strong>INFOSECURITYVIP: <\/strong>EL \u00daNICO EVENTO QUE RECORRE <strong>25 CIUDADES LATINOAM\u00c9RICA Y CARIBE<\/strong> EN 4 MESES <strong>POTENCIE SU MARCA Y SOLUCIONES Y A SUS CANALES Y DISTRIBUIDORES<\/strong> <strong>NEGOCIOS, EN UN SOLO LUGAR, EN UN SOLO DIA, CON CIENTOS DE GERENTES Y DIRECTORES<\/strong> <strong>UN SOLO ACUERDO<\/strong> Y EN TODOS LOS PA\u00cdSES A LA VEZ CON BAJAS INVERSIONES POR EVENTO <strong>SI UD NO PARTICIPA, SEGURAMENTE LOS CLIENTES CONOCER\u00c1N SOLO LAS SOLUCIONES DE SU COMPETIDOR<\/strong> <\/p>\n\n\n<figure class=\"wp-block-image size-large\"><a href=\"http:\/\/www.infosecurityvip.com\/\" target=\"_blank\" rel=\"noopener\"><img decoding=\"async\" src=\"http:\/\/www.infosecurityvip.com\/img\/AGENDA2021.jpg\" alt=\"\"\/><\/a><\/figure>\n\n\n<hr class=\"wp-block-separator has-text-color has-luminous-vivid-amber-color has-alpha-channel-opacity has-luminous-vivid-amber-background-color has-background is-style-wide\"\/>\n\n\n\n<pre class=\"wp-block-verse has-text-align-center\">Prohibida su distribuci\u00f3n - todos los derechos reservados \u00ae ISEC Global Inc.\n Cada una de las partes proteger\u00e1 la informaci\u00f3n obtenida durante el desarrollo del curso de la misma manera en que protege su propia informaci\u00f3n confidencial, haci\u00e9ndose responsable por cualquier da\u00f1o\/perjuicio que se pudiera ocasionar por el uso indebido de la informaci\u00f3n accedida. <strong>Nuestros documentos entregables y papeles de trabajo ser\u00e1n de acceso exclusivo para el alumno<\/strong>, quien podr\u00e1 disponer para su uso de todos los entregables, que no incluyen metodolog\u00eda ni software utilizado. <strong>PROHIBIDA SU REPRODUCCI\u00d3N PARCIAL O TOTAL DEL MATERIAL<\/strong><\/pre>\n","protected":false},"excerpt":{"rendered":"<p>INFOSECURITYVIP: EL \u00daNICO EVENTO QUE RECORRE 25 CIUDADES LATINOAM\u00c9RICA Y CARIBE EN 4 MESES POTENCIE SU MARCA Y SOLUCIONES Y A SUS CANALES Y DISTRIBUIDORES NEGOCIOS, EN UN SOLO LUGAR, EN UN SOLO DIA, CON CIENTOS DE GERENTES Y DIRECTORES<\/p>\n","protected":false},"author":1,"featured_media":0,"parent":0,"menu_order":0,"comment_status":"closed","ping_status":"closed","template":"","meta":{"footnotes":""},"class_list":["post-264","page","type-page","status-publish","hentry"],"_links":{"self":[{"href":"https:\/\/isec-infosecurity.com\/icoaching\/wp-json\/wp\/v2\/pages\/264","targetHints":{"allow":["GET"]}}],"collection":[{"href":"https:\/\/isec-infosecurity.com\/icoaching\/wp-json\/wp\/v2\/pages"}],"about":[{"href":"https:\/\/isec-infosecurity.com\/icoaching\/wp-json\/wp\/v2\/types\/page"}],"author":[{"embeddable":true,"href":"https:\/\/isec-infosecurity.com\/icoaching\/wp-json\/wp\/v2\/users\/1"}],"replies":[{"embeddable":true,"href":"https:\/\/isec-infosecurity.com\/icoaching\/wp-json\/wp\/v2\/comments?post=264"}],"version-history":[{"count":0,"href":"https:\/\/isec-infosecurity.com\/icoaching\/wp-json\/wp\/v2\/pages\/264\/revisions"}],"wp:attachment":[{"href":"https:\/\/isec-infosecurity.com\/icoaching\/wp-json\/wp\/v2\/media?parent=264"}],"curies":[{"name":"wp","href":"https:\/\/api.w.org\/{rel}","templated":true}]}}