{"id":445,"date":"2021-01-15T02:23:55","date_gmt":"2021-01-15T02:23:55","guid":{"rendered":"http:\/\/www.isec-global.com\/icoaching\/?page_id=445"},"modified":"2022-02-11T18:11:37","modified_gmt":"2022-02-11T18:11:37","slug":"comentarios-de-alumnos","status":"publish","type":"page","link":"https:\/\/isec-infosecurity.com\/icoaching\/acerca-de\/comentarios-de-alumnos\/","title":{"rendered":"Comentarios de Alumnos"},"content":{"rendered":"\n<figure class=\"wp-block-image size-large\"><img loading=\"lazy\" decoding=\"async\" width=\"1024\" height=\"325\" src=\"https:\/\/isec-infosecurity.com\/icoaching\/wp-content\/uploads\/2021\/01\/infosec2016-1.jpg\" alt=\"\" class=\"wp-image-448\" srcset=\"https:\/\/isec-infosecurity.com\/icoaching\/wp-content\/uploads\/2021\/01\/infosec2016-1.jpg 1024w, https:\/\/isec-infosecurity.com\/icoaching\/wp-content\/uploads\/2021\/01\/infosec2016-1-300x95.jpg 300w, https:\/\/isec-infosecurity.com\/icoaching\/wp-content\/uploads\/2021\/01\/infosec2016-1-768x244.jpg 768w\" sizes=\"auto, (max-width: 1024px) 100vw, 1024px\" \/><\/figure>\n\n\n\n<blockquote class=\"wp-block-quote is-layout-flow wp-block-quote-is-layout-flow\"><p>Muchas gracias por los contenidos dictados en las capacitaciones de Ethical Hacking, me parecieron muy interesantes la verdad y bastante \u00fatiles.<\/p><p>La actividad estuvo muy interesante y el contenido igual, en lo personal ser\u00eda excelente si pudieran hacer esta clase de capacitaciones de manera m\u00e1s frecuente.<\/p><p><strong>GALOGET JONTZE LATORRE CHENG &nbsp;&#8211; EPN \u2013 ECUADOR<\/strong><\/p><\/blockquote>\n\n\n\n<blockquote class=\"wp-block-quote is-layout-flow wp-block-quote-is-layout-flow\"><p>Buenas Noches, te quiero agradecer por la documentaci\u00f3n te\u00f3rica y multimedia inherente al temario de seguridad en cuesti\u00f3n, gracias por la atenci\u00f3n y las excelentes explicaciones, que tengas un excelente d\u00eda y gracias. Saludos.<\/p><p><strong>Ing. Sistemas Antulio S. Bravo R &#8211; Lima Per\u00fa<\/strong><\/p><\/blockquote>\n\n\n\n<blockquote class=\"wp-block-quote is-layout-flow wp-block-quote-is-layout-flow\"><p>Muy buenas las exposiciones, en todo sentido.<\/p><p><strong>Marcelo Guerrero &#8211; MINISTERIO DE TELECOMUNICACIONES \u2013 GOBIERNO DE ECUADOR<\/strong><\/p><\/blockquote>\n\n\n\n<blockquote class=\"wp-block-quote is-layout-flow wp-block-quote-is-layout-flow\"><p>Muchas gracias, la verdad que es la primera vez que hago esta capacitaci\u00f3n con ustedes y todo estuvo excelente, el nivel de detalle, la calidad y cantidad de informaci\u00f3n.<\/p><p>El instructor impecable, se lo coment\u00e9 v\u00eda mail a \u00e9l. Los felicito nuevamente por brindarnos la posibilidad de recibir este tipo de capacitaci\u00f3n. Saludos!<\/p><p><strong>Claudia Alonso &#8211; BANCO DE LA PAMPA \u2013 ARGENTINA<\/strong><\/p><\/blockquote>\n\n\n\n<blockquote class=\"wp-block-quote is-layout-flow wp-block-quote-is-layout-flow\"><p>Te quer\u00eda agradecer por todos los conocimientos brindados en estas cuatro clases muy interesantes ya que lograron que el tema de la seguridad inform\u00e1tica pasara a formar parte de una de mis prioridades mas importantes de la cual quiero comenzar a capacitarme en mayor profundidad.<\/p><p><strong>Gerardo Lovera &#8211; Sistemas y soporte inform\u00e1tico \u2013 COLEGIO MEDICO LA PAMPA \u2013 ARGENTINA<\/strong><\/p><\/blockquote>\n\n\n\n<blockquote class=\"wp-block-quote is-layout-flow wp-block-quote-is-layout-flow\"><p>Me pareci\u00f3 genial, la presentaci\u00f3n y los tips.<\/p><p>Me hubiera gustado un poquito de orientaci\u00f3n sobre cursos que ustedes den y sobre las certificaciones, algo que me dirija a cual es la ruta a seguir para aquellos que estamos entrando en este tema. A mi me gustar\u00eda saber m\u00e1s sobre la ruta de certificaciones internacionales y la relaci\u00f3n sobre sus cursos.<\/p><p>Tal vez agregar un par de ejercicios para los asistentes, para hacerlos luego y ver comentarios en la siguiente sesi\u00f3n, aunque esto podr\u00eda afectar el tiempo, pero puede limitarse a las mejores observaciones enviadas la semana anterior, me parece que podr\u00eda enamorar m\u00e1s acerca del tema. Muchas gracias.<\/p><p><strong>Norberth Brunner Aguero \u2013 Poder Judicial \u2013 COSTA RICA<\/strong><\/p><\/blockquote>\n\n\n\n<blockquote class=\"wp-block-quote is-layout-flow wp-block-quote-is-layout-flow\"><p>Agradezco la invitaci\u00f3n al curso ya que estos nos ayuda a seguir actualizando d\u00eda a d\u00eda. Tanto el contenido del curso como del instructor estuvo excelente y esperamos seguir participando en los dem\u00e1s cursos que nos inviten.<\/p><p><strong>Eduardo Ruiz \u2013 Credi Express \u2013 NICARAGUA<\/strong><\/p><\/blockquote>\n\n\n\n<blockquote class=\"wp-block-quote is-layout-flow wp-block-quote-is-layout-flow\"><p>Agradezco mucho el tiempo dedicado a esto. Me pareci\u00f3 muy bueno el curso, pero la calidad de la comunicaci\u00f3n era mala. Por momentos deje de escuchar. El material y ejemplos muy bueno.<\/p><p><strong>Jorge Gonz\u00e1lez, Vice President &#8211; I.T. Risk Controls LA&amp;C | GSD &#8211; Global IT &amp; Operations(GITO) | Marsh, Inc. PUERTO RICO<\/strong><\/p><\/blockquote>\n\n\n\n<blockquote class=\"wp-block-quote is-layout-flow wp-block-quote-is-layout-flow\"><p>En s\u00ed, esta capacitaci\u00f3n me fue muy \u00fatil y contribuy\u00f3 mucho en mi desarrollo profesional. Quedo en espera de otros cursos similares.<\/p><p><strong>Gustavo Serv\u00edn Ju\u00e1rez &#8211; Auditor\u00eda Interna \u2013 GRUPO FINANCIERO MULTIVA &#8211; MEXICO<\/strong><\/p><\/blockquote>\n\n\n\n<blockquote class=\"wp-block-quote is-layout-flow wp-block-quote-is-layout-flow\"><p>Primero que nada felicitarles por la iniciativa de brindar conocimiento con el fin de mejorar en los diferentes \u00e1mbitos.<\/p><p>Quisiera que me ayude con el costo de dar el examen y obtener un certificaci\u00f3n internacional. De antemano le agradezco por su ayuda. Saludos Cordiales.<\/p><p><strong>Luis Fernando Echeverria &#8211; Analista de TIC &#8211; San Miguel de Urcuqu\u00ed &#8211; Ecuador<\/strong><\/p><\/blockquote>\n\n\n\n<blockquote class=\"wp-block-quote is-layout-flow wp-block-quote-is-layout-flow\"><p>Muchas gracias por la forma clara y concisa de exponer tus conocimientos, me llevo mucho para investigar y seguir aprendiendo, desde ya queria pedirte si pudieras enviarme el certificado de asistencia,<\/p><p><strong>Alejandro Bellezze, Neuqu\u00e9n &#8211; Argentina<\/strong><\/p><\/blockquote>\n\n\n\n<blockquote class=\"wp-block-quote is-layout-flow wp-block-quote-is-layout-flow\"><p>Muchas gracias por el tiempo dedicado al curso Fast Track Online Ethical Hacking, le agradecer\u00eda me ayude con el certificado de asistencia al mismo. Saludos cordiales<\/p><p><strong>Steve Reyes &#8211; SMARTPRO S.A. &#8211; Quito &#8211; Ecuador<\/strong><\/p><\/blockquote>\n\n\n\n<blockquote class=\"wp-block-quote is-layout-flow wp-block-quote-is-layout-flow\"><p>Buenas muy interesante tu presentaci\u00f3n, Gracias por el tiempo brindado.<strong> Ing. Amin Graciano &#8211; BAnco Agr\u00edcola &#8211; Rep. Dominicana<\/strong><\/p><\/blockquote>\n\n\n\n<blockquote class=\"wp-block-quote is-layout-flow wp-block-quote-is-layout-flow\"><p>Muchas gracias, los temas fueron muy interesantes. Saludos.<\/p><p><strong>Johny Castillo, Multibank &#8211; Panam\u00e1<\/strong><\/p><\/blockquote>\n","protected":false},"excerpt":{"rendered":"<p>Muchas gracias por los contenidos dictados en las capacitaciones de Ethical Hacking, me parecieron muy interesantes la verdad y bastante \u00fatiles. La actividad estuvo muy interesante y el contenido igual, en lo personal ser\u00eda excelente si pudieran hacer esta clase<\/p>\n","protected":false},"author":1,"featured_media":0,"parent":7,"menu_order":0,"comment_status":"closed","ping_status":"closed","template":"","meta":{"footnotes":""},"class_list":["post-445","page","type-page","status-publish","hentry"],"_links":{"self":[{"href":"https:\/\/isec-infosecurity.com\/icoaching\/wp-json\/wp\/v2\/pages\/445","targetHints":{"allow":["GET"]}}],"collection":[{"href":"https:\/\/isec-infosecurity.com\/icoaching\/wp-json\/wp\/v2\/pages"}],"about":[{"href":"https:\/\/isec-infosecurity.com\/icoaching\/wp-json\/wp\/v2\/types\/page"}],"author":[{"embeddable":true,"href":"https:\/\/isec-infosecurity.com\/icoaching\/wp-json\/wp\/v2\/users\/1"}],"replies":[{"embeddable":true,"href":"https:\/\/isec-infosecurity.com\/icoaching\/wp-json\/wp\/v2\/comments?post=445"}],"version-history":[{"count":1,"href":"https:\/\/isec-infosecurity.com\/icoaching\/wp-json\/wp\/v2\/pages\/445\/revisions"}],"predecessor-version":[{"id":704,"href":"https:\/\/isec-infosecurity.com\/icoaching\/wp-json\/wp\/v2\/pages\/445\/revisions\/704"}],"up":[{"embeddable":true,"href":"https:\/\/isec-infosecurity.com\/icoaching\/wp-json\/wp\/v2\/pages\/7"}],"wp:attachment":[{"href":"https:\/\/isec-infosecurity.com\/icoaching\/wp-json\/wp\/v2\/media?parent=445"}],"curies":[{"name":"wp","href":"https:\/\/api.w.org\/{rel}","templated":true}]}}