{"id":15,"date":"2022-09-17T15:33:36","date_gmt":"2022-09-17T15:33:36","guid":{"rendered":"https:\/\/isec-infosecurity.com\/iweb\/?page_id=15"},"modified":"2025-12-01T21:44:09","modified_gmt":"2025-12-01T21:44:09","slug":"isec-consulting","status":"publish","type":"page","link":"https:\/\/isec-infosecurity.com\/iweb\/","title":{"rendered":"Inicio"},"content":{"rendered":"\n<h1 class=\"wp-block-heading\">Consultora Internacional de Seguridad de la Informaci\u00f3n<\/h1>\n\n\n\n<p class=\"has-luminous-vivid-orange-color has-text-color has-background has-medium-font-size\" style=\"background-color:#030020\">20 a\u00f1os de experiencia en distintas industrias y espacios a trav\u00e9s de un equipo multidisciplinario afianzado en las tres bases de la ciberseguridad:<strong>&nbsp;information security management, ethical hacking, information assurance.<\/strong><\/p>\n\n\n\n<div class=\"wp-block-cover\"><span aria-hidden=\"true\" class=\"wp-block-cover__background has-background-dim\" style=\"background-color:#495452\"><\/span><img loading=\"lazy\" decoding=\"async\" width=\"1600\" height=\"600\" class=\"wp-block-cover__image-background wp-image-211\" alt=\"\" src=\"https:\/\/isec-infosecurity.com\/iweb\/wp-content\/uploads\/2025\/12\/KH05.jpg\" data-object-fit=\"cover\" srcset=\"https:\/\/isec-infosecurity.com\/iweb\/wp-content\/uploads\/2025\/12\/KH05.jpg 1600w, https:\/\/isec-infosecurity.com\/iweb\/wp-content\/uploads\/2025\/12\/KH05-300x113.jpg 300w, https:\/\/isec-infosecurity.com\/iweb\/wp-content\/uploads\/2025\/12\/KH05-1024x384.jpg 1024w, https:\/\/isec-infosecurity.com\/iweb\/wp-content\/uploads\/2025\/12\/KH05-768x288.jpg 768w, https:\/\/isec-infosecurity.com\/iweb\/wp-content\/uploads\/2025\/12\/KH05-1536x576.jpg 1536w\" sizes=\"(max-width: 1600px) 100vw, 1600px\" \/><div class=\"wp-block-cover__inner-container is-layout-flow wp-block-cover-is-layout-flow\">\n<p class=\"has-text-align-center has-white-color has-text-color has-large-font-size\">Trabajamos en toda&nbsp;<strong>Am\u00e9rica, protegiendo los negocios y desarrollando los recursos de las empresas m\u00e1s importantes<\/strong>&nbsp;de la regi\u00f3n.<\/p>\n<\/div><\/div>\n\n\n\n<figure class=\"wp-block-image alignwide size-full\"><img loading=\"lazy\" decoding=\"async\" width=\"907\" height=\"71\" src=\"https:\/\/isec-infosecurity.com\/iweb\/wp-content\/uploads\/2022\/09\/i2.jpg\" alt=\"\" class=\"wp-image-59\" srcset=\"https:\/\/isec-infosecurity.com\/iweb\/wp-content\/uploads\/2022\/09\/i2.jpg 907w, https:\/\/isec-infosecurity.com\/iweb\/wp-content\/uploads\/2022\/09\/i2-300x23.jpg 300w, https:\/\/isec-infosecurity.com\/iweb\/wp-content\/uploads\/2022\/09\/i2-768x60.jpg 768w\" sizes=\"(max-width: 907px) 100vw, 907px\" \/><\/figure>\n\n\n\n<p class=\"has-luminous-vivid-orange-background-color has-text-color has-background\" style=\"color:#030020\">Somos&nbsp;<strong>especialistas<\/strong>&nbsp;en Seguridad de la Informaci\u00f3n y contamos con&nbsp;<strong>m\u00e1s de 20 a\u00f1os de trayectoria<\/strong>&nbsp;profesional. Generamos productos de<strong>&nbsp;r\u00e1pida implementaci\u00f3n<\/strong>&nbsp;que se adec\u00faen a las&nbsp;<strong>necesidades y a la realidad<\/strong>&nbsp;de su empresa.<\/p>\n\n\n\n<p class=\"has-luminous-vivid-orange-color has-text-color has-background\" style=\"background-color:#030020\">Nuestros profesionales se encuentran&nbsp;<strong>certificados a nivel internacional<\/strong>.<\/p>\n\n\n\n<h2 class=\"wp-block-heading\">Contacto<\/h2>\n\n\n\n<p>Porque necesita saber el estado de seguridad de los recursos de su negocio,&nbsp;<strong>\u00bfen qu\u00e9 podemos ayudarlo?<\/strong><\/p>\n\n\n\n<p>info@isec-global.net<\/p>\n\n\n\n<h2 class=\"wp-block-heading has-text-align-left\">Nuestros Clientes<\/h2>\n\n\n\n<div class=\"wp-block-columns is-layout-flex wp-container-core-columns-is-layout-1 wp-block-columns-is-layout-flex\">\n<div class=\"wp-block-column has-luminous-vivid-orange-color has-text-color has-background is-layout-flow wp-block-column-is-layout-flow\" style=\"background-color:#030020\">\n<ul class=\"has-small-font-size\">\n<li><em>ACH Servicios Financieros (Colombia)<\/em><\/li>\n\n\n\n<li><em>ADEA Administradora de Archivos ( M\u00e9xico y Argentina)<\/em><\/li>\n\n\n\n<li><em>ADOC El Salvador (El Salvador)<\/em><\/li>\n\n\n\n<li><em>AFP Integra Per\u00fa (Per\u00fa)<\/em><\/li>\n\n\n\n<li><em>AGF (integrados por Datco, Argentina)<\/em><\/li>\n\n\n\n<li><em>AIG Group \u2013 La Meridional (Argentina)<\/em><\/li>\n\n\n\n<li><em>Alignet Per\u00fa (integrados por Global Crossing, Per\u00fa)<\/em><\/li>\n\n\n\n<li><em>Alpopular (Colombia)<\/em><\/li>\n\n\n\n<li><em>AON Consulting (Argentina)<\/em><\/li>\n\n\n\n<li><em>ASOBAN \u2013 Asociaci\u00f3n de Bancos de Bolivia, (Bolivia)<\/em><\/li>\n\n\n\n<li><em>Asociaci\u00f3n de Bomberos Voluntarios Allen (Argentina)<\/em><\/li>\n\n\n\n<li><em>Autom\u00f3vil Club Argentino (Argentina)<\/em><\/li>\n\n\n\n<li><em>Axletree Solutions Inc. (USA)<\/em><\/li>\n\n\n\n<li><em>Banco ABN \u2013 AMRO (Paraguay)<\/em><\/li>\n\n\n\n<li><em>Banco BICE (Argentina)<\/em><\/li>\n\n\n\n<li><em>Banco Central de Bolivia (Bolivia)<\/em><\/li>\n\n\n\n<li><em>Banco Central de Reserva del Per\u00fa (Per\u00fa)<\/em><\/li>\n\n\n\n<li><em>Banco COMAFI (Argentina)<\/em><\/li>\n\n\n\n<li><em>Banco Comercial (ELS) (El Salvador)<\/em><\/li>\n\n\n\n<li><em>Banco Comercial (URU) (Uruguay)<\/em><\/li>\n\n\n\n<li><em>Banco de Boston (a trav\u00e9s de Hewlett Packard, Argentina)<\/em><\/li>\n\n\n\n<li><em>Banco de Comercio (Per\u00fa)<\/em><\/li>\n\n\n\n<li><em>Banco de Corrientes (Argentina)<\/em><\/li>\n\n\n\n<li><em>Banco de Cr\u00e9dito Per\u00fa (integrados por Global Crossing, Per\u00fa)<\/em><\/li>\n\n\n\n<li><em>Banco de Formosa (Argentina)<\/em><\/li>\n\n\n\n<li><em>Banco de Santiago del Estero (integrados por Datco, Argentina)<\/em><\/li>\n\n\n\n<li><em>Banco HSBC (Argentina)<\/em><\/li>\n\n\n\n<li><em>Banco Industrial (Argentina)<\/em><\/li>\n\n\n\n<li><em>Banco Pac\u00edfico (Ecuador)<\/em><\/li>\n\n\n\n<li><em>Banco Popular de Puerto Rico<\/em><\/li>\n\n\n\n<li><em>Banco Provincia Seguros (Argentina)<\/em><\/li>\n\n\n\n<li><em>Banco Santander R\u00edo (Argentina)<\/em><\/li>\n\n\n\n<li><em>Banco Visi\u00f3n (Paraguay)<\/em><\/li>\n\n\n\n<li><em>Banex \/ Banco Supervielle (Argentina)<\/em><\/li>\n\n\n\n<li><em>Bodegas Grupo Pe\u00f1aflor (Argentina)<\/em><\/li>\n\n\n\n<li><em>Bolsa de Comercio de Buenos Aires (Argentina)<\/em><\/li>\n\n\n\n<li><em>Bunge &amp; Born (integrados por Openware, Argentina)<\/em><\/li>\n\n\n\n<li><em>CAINCO, C\u00e1mara de Industria, Comercio, Servicios y Turismo de Santa Cruz (Bolivia)<\/em><\/li>\n\n\n\n<li><em>Caja Municipal Piura (Per\u00fa)<\/em><\/li>\n\n\n\n<li><em>CAMMESA, Compa\u00f1\u00eda Administradora del Mercado Mayorista El\u00e9ctrico (Argentina)<\/em><\/li>\n\n\n\n<li><em>CD Systems (integrados por Global Crossing, Colombia)<\/em><\/li>\n\n\n\n<li><em>Central Puerto Argentina (Argentina)<\/em><\/li>\n\n\n\n<li><em>Cerveceria Quilmes (integrados por Bdo, Argentina)<\/em><\/li>\n\n\n\n<li><em>CFA \u2013 Compa\u00f1\u00eda Financiera Argentina (Argentina)<\/em><\/li>\n\n\n\n<li><em>Clorox Argentina (Argentina)<\/em><\/li>\n\n\n\n<li><em>CNE \u2013 Comisi\u00f3n Nacional Electoral de Bolivia (Bolivia)<\/em><\/li>\n\n\n\n<li><em>CNEA \u2013 Comisi\u00f3n Nacional de Energ\u00eda de Argentina<\/em><\/li>\n\n\n\n<li><em>Coca Cola (Ecuador)<\/em><\/li>\n\n\n\n<li><em>Compa\u00f1\u00eda Nacional de Chocolates (Colombia)<\/em><\/li>\n\n\n\n<li><em>Computec (Colombia)<\/em><\/li>\n\n\n\n<li><em>Concytec \u2013 Consejo Nacional de Ciencia Y Tecnologia Peru (Per\u00fa)<\/em><\/li>\n\n\n\n<li><em>Consorcio Prosperar (Colombia)<\/em><\/li>\n\n\n\n<li><em>CONSUCO de Per\u00fa (Per\u00fa)<\/em><\/li>\n\n\n\n<li>C<em>ooperativa John F. Kennedy (Colombia)<\/em><\/li>\n\n\n\n<li>Cooperativa CALF (Argentina)<\/li>\n\n\n\n<li><em>Corporaci\u00f3n Fonafe (Per\u00fa)<\/em><\/li>\n\n\n\n<li><em>COTAS \u2013 Cooperativa de Telecomunicaciones Santa Cruz (Bolivia)<\/em><\/li>\n\n\n\n<li><em>Creafam (Colombia)<\/em><\/li>\n\n\n\n<li><em>Daimler Mercedez Benz (Argentina)<\/em><\/li>\n\n\n\n<li><em>DAS departamento Administrativo de Seguridad (Colombia)<\/em><\/li>\n\n\n\n<li><em>Departamento de Justicia Puerto Rico (Puerto Rico)<\/em><\/li>\n\n\n\n<li><em>Direcci\u00f3n General de Contrataciones P\u00fablicas (Paraguay)<\/em><\/li>\n\n\n\n<li><em>Directv (integrados Bdo, Argentina, Venezuela y Chile)<\/em><\/li>\n\n\n\n<li><em>Dupont Argentina (Argentina)<\/em><\/li>\n\n\n\n<li><em>EdeERSA \u2013 Empresa de Energ\u00eda de Entre R\u00edos (Argentina)<\/em><\/li>\n\n\n\n<li><em>Edesur Argentina (Argentina)<\/em><\/li>\n\n\n\n<li><em>EDPYME Raiz (Per\u00fa)<\/em><\/li>\n\n\n\n<li><em>Electricaribe S.A. (integrados por Azertia, Colombia)<\/em><\/li>\n\n\n\n<li><em>Enaco \u2013 Empresa Nacional de la Coca (Per\u00fa)<\/em><\/li>\n\n\n\n<li><em>Enapu \u2013 Empresa Nacional de Puertos (Per\u00fa)<\/em><\/li>\n\n\n\n<li><em>ENARSA, Energ\u00eda Argentina SA (Argentina)<\/em><\/li>\n\n\n\n<li><em>Enlace Operativo (a trav\u00e9s de Global Crossing, Colombia)<\/em><\/li>\n\n\n\n<li><em>EPM Empresas P\u00fablicas de Medell\u00edn (Colombia)<\/em><\/li>\n\n\n\n<li><em>EPRE \u2013 Ente Provincial Regulador de Energ\u00eda de R\u00edo Negro (Argentina)<\/em><\/li>\n\n\n\n<li><em>FeCoViTa Federacion (Argentina)<\/em><\/li>\n\n\n\n<li><em>Ferrero (integrados por Hewlett Packard, Argentina)<\/em><\/li>\n\n\n\n<li><em>Fogacoop, Fondo de Garant\u00edas de Entidades Cooperativas (Colombia)<\/em><\/li>\n\n\n\n<li><em>Fogacoop, Fondo de Garant\u00edas de Entidades Cooperativas (Colombia)<\/em><\/li>\n\n\n\n<li><em>Forza (Securitas) (Per\u00fa)<\/em><\/li>\n<\/ul>\n<\/div>\n\n\n\n<div class=\"wp-block-column has-luminous-vivid-orange-color has-text-color has-background is-layout-flow wp-block-column-is-layout-flow\" style=\"background-color:#030020\">\n<ul class=\"is-style-plain has-small-font-size\">\n<li><em>Fuerza A\u00e9rea de Per\u00fa (Per\u00fa)<\/em><\/li>\n\n\n\n<li><em>Fuerza A\u00e9rea del Ecuador (Ecuador)<\/em><\/li>\n\n\n\n<li><em>General Motors (integrados por Hp Hewlett Packard, Argentina)<\/em><\/li>\n\n\n\n<li><em>General Motors (integrados por Hp Hewlett Packard, Argentina)<\/em><\/li>\n\n\n\n<li><em>Global Crossing (Venezuela, Ecuador, Colombia, Argentina)<\/em><\/li>\n\n\n\n<li><em>Gobernaci\u00f3n Provincia de C\u00f3rdoba (Argentina)<\/em><\/li>\n\n\n\n<li><em>Grupo Irsa, Cresud (Argentina)<\/em><\/li>\n\n\n\n<li><em>Grupo Nobis (Ecuador)<\/em><\/li>\n\n\n\n<li><em>Grupo Petrolero Total (Argentina)<\/em><\/li>\n\n\n\n<li><em>Grupo Salud (Ecuador)<\/em><\/li>\n\n\n\n<li><em>Gtech (integrados por Global Crossing, Colombia)<\/em><\/li>\n\n\n\n<li><em>Indecopi (Per\u00fa)<\/em><\/li>\n\n\n\n<li><em>Industrias Spring S.A. (Colombia)<\/em><\/li>\n\n\n\n<li><em>Instituto de defensa Civil (Per\u00fa)<\/em><\/li>\n\n\n\n<li><em>Instituto de Previsi\u00f3n Social de Paraguay (Paraguay)<\/em><\/li>\n\n\n\n<li><em>Instituto del Seguro de Entre R\u00edos (integrados por Aon Consulting, Argentina)<\/em><\/li>\n\n\n\n<li><em>Interbank (Per\u00fa)<\/em><\/li>\n\n\n\n<li><em>Interfisa S.A. (Paraguay)<\/em><\/li>\n\n\n\n<li><em>Interseguro (Per\u00fa)<\/em><\/li>\n\n\n\n<li><em>IPS \u2013 Instituto Prevision Socal Paraguay ( Paraguay)<\/em><\/li>\n\n\n\n<li><em>Kraft (Argentina)<\/em><\/li>\n\n\n\n<li><em>Larcomar (Per\u00fa)<\/em><\/li>\n\n\n\n<li><em>Liberty Seguros Srl (Argentina)<\/em><\/li>\n\n\n\n<li><em>Link Cambios S.A. (Paraguay)<\/em><\/li>\n\n\n\n<li><em>Marcucci y Asociados (Argentina)<\/em><\/li>\n\n\n\n<li><em>Met \u2013 Metropolitan Life \/ Grupo Siembra (integrados por Hp Hewlett Packard, Argentina)<\/em><\/li>\n\n\n\n<li><em>Metromedellin (Colombia)<\/em><\/li>\n\n\n\n<li><em>Ministerio de Transportes y Comunicaciones (Per\u00fa)<\/em><\/li>\n\n\n\n<li><em>Ministerio de Econom\u00eda de la Provincia de Buenos Aires (Argentina)<\/em><\/li>\n\n\n\n<li><em>Ministerio de Transportes y Comunicaciones (Per\u00fa)<\/em><\/li>\n\n\n\n<li><em>Ministerio de Vivienda de Per\u00fa (Per\u00fa)<\/em><\/li>\n\n\n\n<li><em>Municipalidad de Esquina (Corrientes)<\/em><\/li>\n\n\n\n<li><em>Municipalidad de Rosario Argentina (Argentina)<\/em><\/li>\n\n\n\n<li><em>Nextel (integrados Global Crossing, Paraguay)<\/em><\/li>\n\n\n\n<li><em>Nextel (integrados Global Crossing, Per\u00fa)<\/em><\/li>\n\n\n\n<li><em>Nextel (Outsourcing Seguridad, Argentina)<\/em><\/li>\n\n\n\n<li><em>Nokia capacitaci\u00f3n ejecutivos (Argentina)<\/em><\/li>\n\n\n\n<li><em>OCAM \u2013 Oficina del Comisionado de Asuntos Municipales (Puerto Rico)<\/em><\/li>\n\n\n\n<li><em>Oficina Nacional de Contrataciones de Paraguay (Paraguay)<\/em><\/li>\n\n\n\n<li><em>Organismo Nacional de Control Carnes de Uruguay (Uruguay)<\/em><\/li>\n\n\n\n<li><em>Osinergmin Per\u00fa (Per\u00fa)<\/em><\/li>\n\n\n\n<li><em>Pagos On Line (integrados por Global Crossing, Colombia)<\/em><\/li>\n\n\n\n<li><em>Petrobras (Argentina)<\/em><\/li>\n\n\n\n<li><em>Petroperu \u2013 Talara (Per\u00fa)<\/em><\/li>\n\n\n\n<li><em>Pioneer Natural Resources Argentina (Argentina)<\/em><\/li>\n\n\n\n<li><em>Poder Judicial Per\u00fa (Per\u00fa)<\/em><\/li>\n\n\n\n<li><em>Porvenir, Fondo de Pensiones y Cesant\u00edas (Colombia)<\/em><\/li>\n\n\n\n<li><em>Pride Internacional (Venezuela y Argentina)<\/em><\/li>\n\n\n\n<li><em>Productos Roche S.A.Q. e I. (Argentina)<\/em><\/li>\n\n\n\n<li><em>Provincanje (Argentina)<\/em><\/li>\n\n\n\n<li><em>Provincia Seguros (Argentina)<\/em><\/li>\n\n\n\n<li><em>Prudential Seguros (Argentina)<\/em><\/li>\n\n\n\n<li><em>R &amp; G Financial Corporation (Puerto Rico)<\/em><\/li>\n\n\n\n<li><em>Rayencura (Argentina)<\/em><\/li>\n\n\n\n<li><em>Rimac Seguros (Per\u00fa)<\/em><\/li>\n\n\n\n<li><em>Sab Miller (integrados por Global Crossing, Colombia)<\/em><\/li>\n\n\n\n<li><em>Sanofi Pasteur y Aventis (Argentina)<\/em><\/li>\n\n\n\n<li><em>SAT srl Servicios Petroleros (Argentina)<\/em><\/li>\n\n\n\n<li><em>Seguros Bol\u00edvar (integrados por Arolen, Colombia)<\/em><\/li>\n\n\n\n<li><em>Seguros Victoria (Argentina)<\/em><\/li>\n\n\n\n<li><em>Senasir de Bolivia (Bolivia)<\/em><\/li>\n\n\n\n<li><em>Servicio de Registro Civil (Chile)<\/em><\/li>\n\n\n\n<li><em>Shiffel Corp (Uruguay)<\/em><\/li>\n\n\n\n<li><em>Standard Bank (integrados por Hewlett Packard, Argentina)<\/em><\/li>\n\n\n\n<li><em>TAME \u2013 Aerol\u00ednea Nacional de Ecuador<\/em><\/li>\n\n\n\n<li><em>Telef\u00f3nica (Chile)<\/em><\/li>\n\n\n\n<li><em>Telef\u00f3nica (Ecuador)<\/em><\/li>\n\n\n\n<li><em>Telef\u00f3nica (Puerto Rico)<\/em><\/li>\n\n\n\n<li><em>TGN Transportador Gas del Norte (Argentina)<\/em><\/li>\n\n\n\n<li><em>The Winterbotham Group Bahamas (Bahamas)<\/em><\/li>\n\n\n\n<li><em>TIGO \u2013 Compa\u00f1\u00eda Telef\u00f3nica (Bolivia)<\/em><\/li>\n\n\n\n<li><em>Transelec (Chile)<\/em><\/li>\n\n\n\n<li><em>Transener (Argentina)<\/em><\/li>\n\n\n\n<li><em>Triple-S Salud (Puerto Rico)<\/em><\/li>\n\n\n\n<li><em>Unilever Argentina (Argentina)<\/em><\/li>\n\n\n\n<li><em>Universidad de Medell\u00edn (Colombia)<\/em><\/li>\n\n\n\n<li><em>Universidad Pontificia Cat\u00f3lica del Ecuador (Ecuador)<\/em><\/li>\n\n\n\n<li><em>UNTER \u2013 Uni\u00f3n de Trabajadores de la Educaci\u00f3n de R\u00edo Negro (Argentina)<\/em><\/li>\n\n\n\n<li><em>Xstrata Cooper &amp; Minera Alumbrera, (Argentina)<\/em><\/li>\n<\/ul>\n<\/div>\n<\/div>\n","protected":false},"excerpt":{"rendered":"<p>Consultora Internacional de Seguridad de la Informaci\u00f3n 20 a\u00f1os de experiencia en distintas industrias y espacios a trav\u00e9s de un equipo multidisciplinario afianzado en las tres bases de la ciberseguridad:&nbsp;information security management, ethical hacking, information assurance. Somos&nbsp;especialistas&nbsp;en Seguridad de la<\/p>\n","protected":false},"author":1,"featured_media":0,"parent":0,"menu_order":0,"comment_status":"closed","ping_status":"closed","template":"","meta":{"footnotes":""},"_links":{"self":[{"href":"https:\/\/isec-infosecurity.com\/iweb\/wp-json\/wp\/v2\/pages\/15"}],"collection":[{"href":"https:\/\/isec-infosecurity.com\/iweb\/wp-json\/wp\/v2\/pages"}],"about":[{"href":"https:\/\/isec-infosecurity.com\/iweb\/wp-json\/wp\/v2\/types\/page"}],"author":[{"embeddable":true,"href":"https:\/\/isec-infosecurity.com\/iweb\/wp-json\/wp\/v2\/users\/1"}],"replies":[{"embeddable":true,"href":"https:\/\/isec-infosecurity.com\/iweb\/wp-json\/wp\/v2\/comments?post=15"}],"version-history":[{"count":21,"href":"https:\/\/isec-infosecurity.com\/iweb\/wp-json\/wp\/v2\/pages\/15\/revisions"}],"predecessor-version":[{"id":212,"href":"https:\/\/isec-infosecurity.com\/iweb\/wp-json\/wp\/v2\/pages\/15\/revisions\/212"}],"wp:attachment":[{"href":"https:\/\/isec-infosecurity.com\/iweb\/wp-json\/wp\/v2\/media?parent=15"}],"curies":[{"name":"wp","href":"https:\/\/api.w.org\/{rel}","templated":true}]}}