{"id":1838,"date":"2022-01-17T23:44:59","date_gmt":"2022-01-17T23:44:59","guid":{"rendered":"https:\/\/isec-infosecurity.com\/virtualtour\/?page_id=1838"},"modified":"2022-01-18T00:16:36","modified_gmt":"2022-01-18T00:16:36","slug":"politica","status":"publish","type":"page","link":"https:\/\/isec-infosecurity.com\/virtualtour\/politica\/","title":{"rendered":"Pol\u00edtica"},"content":{"rendered":"\n<div class=\"wp-block-columns is-layout-flex wp-container-core-columns-layout-1 wp-block-columns-is-layout-flex\">\n<div class=\"wp-block-column is-layout-flow wp-block-column-is-layout-flow\">\n<p class=\"has-white-color has-vivid-green-cyan-background-color has-text-color has-background has-normal-font-size\"><strong>T\u00e9rminos y Condiciones de I-Sec Information Security Inc.<\/strong><\/p>\n\n\n\n<p><strong>A) Introducci\u00f3n<\/strong><br>I-SEC Information Security lo invita a visitar su sitio web y lo pone en conocimiento de los T\u00e9rminos y Condiciones que regulan la utilizaci\u00f3n del mismo y con los cuales se considera que Ud. presta conformidad por dicha utilizaci\u00f3n.<\/p>\n\n\n\n<p><strong>B) Informaci\u00f3n<\/strong><br>Toda informaci\u00f3n o recomendaci\u00f3n proporcionada en este sitio Web tiene la funci\u00f3n de orientar y asistir a quien lo visita y es brindada de buena fe por I-SEC Information Security. Sin embargo, I-SEC Information Security no asume responsabilidad por la utilizaci\u00f3n, aplicaci\u00f3n y\/o procesamiento que los usuarios pudieren darle a dicha informaci\u00f3n ni otorga garant\u00eda sobre la exactitud de sus contenidos.<br>Por tal motivo, I-SEC Information Security no se responsabiliza por cualquier decisi\u00f3n o medida que el usuario que visita este sitio web pudiere adoptar bas\u00e1ndose en la informaci\u00f3n contenida en el mismo, ni por los perjuicios que se deriven de ella. La utilizaci\u00f3n de dicha informaci\u00f3n es de riesgo exclusivo del usuario.<br>La informaci\u00f3n inclu\u00edda en este sitio podr\u00e1 actualizarse y\/o modificarse peri\u00f3dicamente, por lo tanto la misma no debe interpretarse como definitiva.<br>I-SEC Information Security no asume responsabilidad por cualquier vicio inform\u00e1tico que el usuario pudiere contraer durante la visita a nuestro sitio web.<\/p>\n\n\n\n<p><strong>C) V\u00ednculos con otros sitios web externos a la empresa<\/strong><br>Este sitio Web puede incluir v\u00ednculos con sitios Web externos que no pertenecen a I-SEC Information Security y de los cuales \u00e9ste no se responsabiliza por su contenido o cualquier consecuencia que pudieren derivar del ingreso a los mismos y\/o su utilizaci\u00f3n.<br>La funci\u00f3n de los v\u00ednculos que aparecen en esta p\u00e1gina es exclusivamente la de brindarle al usuario informaci\u00f3n sobre la existencia de otras fuentes de informaci\u00f3n en Internet, donde podr\u00e1 eventualmente ampliar los datos ofrecidos en este sitio e informarse sobre servicios y\/o productos. Dichos v\u00ednculos no suponen una sugerencia, invitaci\u00f3n o recomendaci\u00f3n para la visita de los lugares de destino.<\/p>\n\n\n\n<p><strong>D) Derechos de autor y propiedad intelectual<\/strong><br>Este sitio web contiene material, incluyendo, sin car\u00e1cter taxativo, textos, fotograf\u00edas, y otras im\u00e1genes y sonido, que se halla protegido por derechos de autor y\/u otros derechos de propiedad intelectual.<br>Los derechos de autor y otros derechos de propiedad intelectual sobre dicho material pertenecen a I-Sec Information Security o han sido otorgados bajo licencia a I-SEC Information Security por el\/los titular\/es de dichos derechos, de forma tal que I-SEC Information Security puede utilizar este material como parte de este sitio web.<br>Todas las marcas comerciales inclu\u00eddas en este sitio web son de propiedad de I-SEC Information Security o han sido otorgadas bajo licencia o autorizaci\u00f3n a I-SEC Information Security por el\/los titular\/es de dichas marcas para su utilizaci\u00f3n en este sitio web.<br>La reproducci\u00f3n de los contenidos descriptos precedentemente se encuentra prohibida, salvo previa autorizaci\u00f3n por escrito de I-SEC Information Security, salvo que se destinen a un uso exclusivamente personal y sin que en ning\u00fan caso el usuario adquiera derecho alguno sobre los mismos.<\/p>\n\n\n\n<p><strong>E) Modificaciones de estos T\u00e9rminos y Condiciones<\/strong><br>I-Sec Information Security se reserva el derecho de modificar en cualquier momento, en forma unilateral y a su solo juicio, los presentes T\u00e9rminos y Condiciones. Al navegar por este sitio web, el usuario acepta estar obligado por los T\u00e9rminos y Condiciones que se encuentran vigente a tal fecha y por lo tanto debe verificar previamente los mismos cada vez que visita este sitio.<\/p>\n\n\n\n<p><strong>F) Dudas e Inquietudes<\/strong><br>En caso de tener inquietudes con relaci\u00f3n a los presentes T\u00e9rminos y Condiciones, s\u00edrvase contactarse con nosotros envi\u00e1ndonos un mail a info@isec-infosecurity.com<\/p>\n\n\n\n<p><strong>G) Ley Aplicable y Jurisdicci\u00f3n<\/strong><br>Los presentes T\u00e9rminos y Condiciones se rigen por la legislaci\u00f3n de la Rep\u00fablica Argentina.<br>Los usuarios del sitio web de I-SEC Information Security se someten a la jurisdicci\u00f3n de los Tribunales Ordinarios de la Ciudad de Buenos Aires de la Rep\u00fablica Argentina, renunciando a cualquier otro fuero o jurisdicci\u00f3n que resultara aplicable.<\/p>\n<\/div>\n\n\n\n<div class=\"wp-block-column is-layout-flow wp-block-column-is-layout-flow\">\n<p class=\"has-white-color has-vivid-green-cyan-background-color has-text-color has-background has-normal-font-size\"><strong>Pol\u00edtica de Privacidad de I-Sec Information Security Inc.<\/strong><\/p>\n\n\n\n<p>Cualquier ingreso de datos personales del usuario que se permitan a trav\u00e9s del sitio Web de I-SEC Information Security no constituye requisito para navegar por el mismo. El usuario que decide ingresar sus datos personales manifiesta conocer y aceptar lo siguiente:<\/p>\n\n\n\n<p><em><strong>Primero:<\/strong><\/em><\/p>\n\n\n\n<p>El destinatario de dichos datos personales es I-SEC Information Security, quien podr\u00e1 utilizar los mismos a los fines del desarrollo de su actividad comercial. Asimismo, los datos personales brindados por el usuario podr\u00e1n ser utilizados por I-SEC Information Security a los efectos de elaborar estad\u00edsticas generales, sin identificar al usuario preservando su anonimato, realizarle consultas o comunicarse con \u00e9l.<br><br><em><strong>Segundo:<\/strong><\/em><\/p>\n\n\n\n<p>Los datos personales ser\u00e1n incorporados al banco de datos de I-SEC Information Security, siendo su responsable I-SEC Information Security, con domicilio en la Ciudad de Buenos Aires, Argentina.<\/p>\n\n\n\n<p><em><strong>Tercero:<\/strong><\/em><\/p>\n\n\n\n<p>El aporte de los datos personales es facultativo para el usuario.<strong><br><br><em>Cuarto:<\/em><\/strong><\/p>\n\n\n\n<p>El usuario garantiza la veracidad y certeza de los datos personales que ingresa a trav\u00e9s de este sitio Web, por lo que asume la correspondiente responsabilidad en caso que los mismos resulten ser inexactos. I-SEC Information Security no asume ninguna responsabilidad en el caso de inexactitud de los datos personales ingresados por el usuario a trav\u00e9s de este sitio Web.<strong><br><\/strong><\/p>\n\n\n\n<p><strong><em>Quinto:<\/em><br><\/strong>El usuario que ingrese sus datos personales podr\u00e1 en cualquier momento solicitar que se le informe el contenido de los mismos y podr\u00e1 solicitar las rectificaciones o supresiones que entienda convenientes.<strong><br><br><em>Sexto:<\/em><\/strong><\/p>\n\n\n\n<p>El usuario al visitar el sitio Web de I-SEC Information Security presta conformidad para la instalaci\u00f3n de dispositivos inform\u00e1ticos (cookies) a los efectos de facilitar la utilizaci\u00f3n y comunicaci\u00f3n por el usuario de nuestro sitio en futuras visitas y permitir la elaboraci\u00f3n de estad\u00edsticas.<\/p>\n<\/div>\n<\/div>\n","protected":false},"excerpt":{"rendered":"<p>T\u00e9rminos y Condiciones de I-Sec Information Security Inc. A) Introducci\u00f3nI-SEC Information Security lo invita a visitar su sitio web y lo pone en conocimiento de los T\u00e9rminos y Condiciones que regulan la utilizaci\u00f3n del mismo y con los cuales se<\/p>\n","protected":false},"author":1,"featured_media":0,"parent":0,"menu_order":0,"comment_status":"closed","ping_status":"closed","template":"","meta":{"footnotes":""},"_links":{"self":[{"href":"https:\/\/isec-infosecurity.com\/virtualtour\/wp-json\/wp\/v2\/pages\/1838"}],"collection":[{"href":"https:\/\/isec-infosecurity.com\/virtualtour\/wp-json\/wp\/v2\/pages"}],"about":[{"href":"https:\/\/isec-infosecurity.com\/virtualtour\/wp-json\/wp\/v2\/types\/page"}],"author":[{"embeddable":true,"href":"https:\/\/isec-infosecurity.com\/virtualtour\/wp-json\/wp\/v2\/users\/1"}],"replies":[{"embeddable":true,"href":"https:\/\/isec-infosecurity.com\/virtualtour\/wp-json\/wp\/v2\/comments?post=1838"}],"version-history":[{"count":2,"href":"https:\/\/isec-infosecurity.com\/virtualtour\/wp-json\/wp\/v2\/pages\/1838\/revisions"}],"predecessor-version":[{"id":1846,"href":"https:\/\/isec-infosecurity.com\/virtualtour\/wp-json\/wp\/v2\/pages\/1838\/revisions\/1846"}],"wp:attachment":[{"href":"https:\/\/isec-infosecurity.com\/virtualtour\/wp-json\/wp\/v2\/media?parent=1838"}],"curies":[{"name":"wp","href":"https:\/\/api.w.org\/{rel}","templated":true}]}}